{"id":996,"date":"2022-03-01T16:01:35","date_gmt":"2022-03-01T15:01:35","guid":{"rendered":"https:\/\/www.movestate.dominocom.lu\/?page_id=996"},"modified":"2022-03-25T14:39:31","modified_gmt":"2022-03-25T13:39:31","slug":"qui-sommes-nous","status":"publish","type":"page","link":"https:\/\/www.mov-estate.com\/fr\/qui-sommes-nous\/","title":{"rendered":"Qui sommes-nous ?"},"content":{"rendered":"\t\t<div data-elementor-type=\"wp-page\" data-elementor-id=\"996\" class=\"elementor elementor-996\" data-elementor-post-type=\"page\">\n\t\t\t\t\t\t<section class=\"elementor-section elementor-top-section elementor-element elementor-element-b0469f6 elementor-section-height-min-height elementor-section-boxed elementor-section-height-default elementor-section-items-middle\" data-id=\"b0469f6\" data-element_type=\"section\" data-settings=\"{&quot;background_background&quot;:&quot;classic&quot;,&quot;shape_divider_bottom&quot;:&quot;tilt&quot;}\">\n\t\t\t\t\t<div class=\"elementor-shape elementor-shape-bottom\" data-negative=\"false\">\n\t\t\t<svg xmlns=\"http:\/\/www.w3.org\/2000\/svg\" viewBox=\"0 0 1000 100\" preserveAspectRatio=\"none\">\n\t<path class=\"elementor-shape-fill\" d=\"M0,6V0h1000v100L0,6z\"\/>\n<\/svg>\t\t<\/div>\n\t\t\t\t\t<div class=\"elementor-container elementor-column-gap-default\">\n\t\t\t\t\t<div class=\"elementor-column elementor-col-100 elementor-top-column elementor-element elementor-element-793c327\" data-id=\"793c327\" data-element_type=\"column\">\n\t\t\t<div class=\"elementor-widget-wrap elementor-element-populated\">\n\t\t\t\t\t\t<div class=\"elementor-element elementor-element-71b7157 elementor-widget elementor-widget-heading\" data-id=\"71b7157\" data-element_type=\"widget\" data-widget_type=\"heading.default\">\n\t\t\t\t<div class=\"elementor-widget-container\">\n\t\t\t<h1 class=\"elementor-heading-title elementor-size-default\">Nos valeurs <\/h1>\t\t<\/div>\n\t\t\t\t<\/div>\n\t\t\t\t\t<\/div>\n\t\t<\/div>\n\t\t\t\t\t<\/div>\n\t\t<\/section>\n\t\t\t\t<section class=\"elementor-section elementor-top-section elementor-element elementor-element-5bcaf25 elementor-section-boxed elementor-section-height-default elementor-section-height-default\" data-id=\"5bcaf25\" data-element_type=\"section\" data-settings=\"{&quot;background_background&quot;:&quot;classic&quot;}\">\n\t\t\t\t\t\t<div class=\"elementor-container elementor-column-gap-default\">\n\t\t\t\t\t<div class=\"elementor-column elementor-col-50 elementor-top-column elementor-element elementor-element-03e7cf6\" data-id=\"03e7cf6\" data-element_type=\"column\">\n\t\t\t<div class=\"elementor-widget-wrap elementor-element-populated\">\n\t\t\t\t\t\t<div class=\"elementor-element elementor-element-aa22c7e image-gauche elementor-widget elementor-widget-image\" data-id=\"aa22c7e\" data-element_type=\"widget\" data-widget_type=\"image.default\">\n\t\t\t\t<div class=\"elementor-widget-container\">\n\t\t\t\t\t\t\t\t\t\t\t\t\t<img fetchpriority=\"high\" decoding=\"async\" width=\"1024\" height=\"681\" src=\"https:\/\/www.mov-estate.com\/wp-content\/uploads\/2022\/03\/mov-estate-illustration-1-1024x681.jpg\" class=\"attachment-large size-large wp-image-1006\" alt=\"\" srcset=\"https:\/\/www.mov-estate.com\/wp-content\/uploads\/2022\/03\/mov-estate-illustration-1-1024x681.jpg 1024w, https:\/\/www.mov-estate.com\/wp-content\/uploads\/2022\/03\/mov-estate-illustration-1-300x200.jpg 300w, https:\/\/www.mov-estate.com\/wp-content\/uploads\/2022\/03\/mov-estate-illustration-1-768x511.jpg 768w, https:\/\/www.mov-estate.com\/wp-content\/uploads\/2022\/03\/mov-estate-illustration-1.jpg 1500w\" sizes=\"(max-width: 1024px) 100vw, 1024px\" \/>\t\t\t\t\t\t\t\t\t\t\t\t\t<\/div>\n\t\t\t\t<\/div>\n\t\t\t\t\t<\/div>\n\t\t<\/div>\n\t\t\t\t<div class=\"elementor-column elementor-col-50 elementor-top-column elementor-element elementor-element-268b291 colonne\" data-id=\"268b291\" data-element_type=\"column\" data-settings=\"{&quot;background_background&quot;:&quot;classic&quot;}\">\n\t\t\t<div class=\"elementor-widget-wrap elementor-element-populated\">\n\t\t\t\t\t\t<div class=\"elementor-element elementor-element-17d4ca0 elementor-widget elementor-widget-menu-anchor\" data-id=\"17d4ca0\" data-element_type=\"widget\" data-widget_type=\"menu-anchor.default\">\n\t\t\t\t<div class=\"elementor-widget-container\">\n\t\t\t\t\t<div class=\"elementor-menu-anchor\" id=\"personnalisation\"><\/div>\n\t\t\t\t<\/div>\n\t\t\t\t<\/div>\n\t\t\t\t<div class=\"elementor-element elementor-element-78e0c7e elementor-widget elementor-widget-heading\" data-id=\"78e0c7e\" data-element_type=\"widget\" data-widget_type=\"heading.default\">\n\t\t\t\t<div class=\"elementor-widget-container\">\n\t\t\t<h2 class=\"elementor-heading-title elementor-size-default\">Personnalisation <\/h2>\t\t<\/div>\n\t\t\t\t<\/div>\n\t\t\t\t<div class=\"elementor-element elementor-element-7d8ef44 elementor-widget elementor-widget-text-editor\" data-id=\"7d8ef44\" data-element_type=\"widget\" data-widget_type=\"text-editor.default\">\n\t\t\t\t<div class=\"elementor-widget-container\">\n\t\t\t\t\t\t\t<p>Investir dans le neuf est l\u2019opportunit\u00e9 de construire \u00e0 son image.<\/p><p>L\u2019\u00e9coute des besoins et des souhaits de chacun restent un \u00e9l\u00e9ment essentiel chez <strong>MOV\u2019ESTATE<\/strong>. A ce titre, il est possible d\u2019\u00e9tudier ensemble votre projet et de vous accompagner dans les modifications non structurelles que vous souhaiteriez apporter \u00e0 votre futur lieu de vie.<\/p><p>La valorisation de vos espaces de vie passe aussi par le choix de la d\u00e9coration et de l\u2019ameublement. Aussi, nos partenaires sauront, dans le cadre d\u2019un accompagnement personnalis\u00e9, vous guider dans l\u2019am\u00e9nagement d\u00e9taill\u00e9 de votre logement.<\/p>\t\t\t\t\t\t<\/div>\n\t\t\t\t<\/div>\n\t\t\t\t\t<\/div>\n\t\t<\/div>\n\t\t\t\t\t<\/div>\n\t\t<\/section>\n\t\t\t\t<section class=\"elementor-section elementor-top-section elementor-element elementor-element-66c8559 elementor-section-boxed elementor-section-height-default elementor-section-height-default\" data-id=\"66c8559\" data-element_type=\"section\" data-settings=\"{&quot;background_background&quot;:&quot;classic&quot;}\">\n\t\t\t\t\t\t<div class=\"elementor-container elementor-column-gap-default\">\n\t\t\t\t\t<div class=\"elementor-column elementor-col-50 elementor-top-column elementor-element elementor-element-11846d5 colonne\" data-id=\"11846d5\" data-element_type=\"column\" data-settings=\"{&quot;background_background&quot;:&quot;classic&quot;}\">\n\t\t\t<div class=\"elementor-widget-wrap elementor-element-populated\">\n\t\t\t\t\t\t<div class=\"elementor-element elementor-element-52ba0ac elementor-widget elementor-widget-menu-anchor\" data-id=\"52ba0ac\" data-element_type=\"widget\" data-widget_type=\"menu-anchor.default\">\n\t\t\t\t<div class=\"elementor-widget-container\">\n\t\t\t\t\t<div class=\"elementor-menu-anchor\" id=\"qualite-prix\"><\/div>\n\t\t\t\t<\/div>\n\t\t\t\t<\/div>\n\t\t\t\t<div class=\"elementor-element elementor-element-88ce65f elementor-widget elementor-widget-heading\" data-id=\"88ce65f\" data-element_type=\"widget\" data-widget_type=\"heading.default\">\n\t\t\t\t<div class=\"elementor-widget-container\">\n\t\t\t<h2 class=\"elementor-heading-title elementor-size-default\">Positionnement tarifaire <\/h2>\t\t<\/div>\n\t\t\t\t<\/div>\n\t\t\t\t<div class=\"elementor-element elementor-element-44afcfb elementor-widget elementor-widget-text-editor\" data-id=\"44afcfb\" data-element_type=\"widget\" data-widget_type=\"text-editor.default\">\n\t\t\t\t<div class=\"elementor-widget-container\">\n\t\t\t\t\t\t\t<p>Les projets commercialis\u00e9s par <strong>MOV\u2019ESTATE<\/strong> r\u00e9pondent \u00e0 une politique de prix maitris\u00e9s et ce, gr\u00e2ce \u00e0 un positionnement tarifaire bas\u00e9 sur des \u00e9tudes de march\u00e9 pointue.<\/p>\n<p>Cela passe \u00e9galement par le choix de mat\u00e9riaux durables qui r\u00e9pondent \u00e0 la triangulaire&nbsp;: esth\u00e9tique \u2013 co\u00fbt \u2013 environnement.<\/p>\n<p>Enfin, nos projets rassemblent esth\u00e9tisme architectural et rationalisation des surfaces. Chaque m\u00e8tre carr\u00e9 est pens\u00e9 pour \u00eatre optimis\u00e9 afin d\u2019\u00e9viter les espaces perdus et de permettre aux clients d\u2019acqu\u00e9rir de vrais volumes utiles.<\/p>\t\t\t\t\t\t<\/div>\n\t\t\t\t<\/div>\n\t\t\t\t\t<\/div>\n\t\t<\/div>\n\t\t\t\t<div class=\"elementor-column elementor-col-50 elementor-top-column elementor-element elementor-element-6aee939 colonne\" data-id=\"6aee939\" data-element_type=\"column\" data-settings=\"{&quot;background_background&quot;:&quot;classic&quot;}\">\n\t\t\t<div class=\"elementor-widget-wrap elementor-element-populated\">\n\t\t\t\t\t\t<div class=\"elementor-element elementor-element-5ebac21 elementor-widget elementor-widget-menu-anchor\" data-id=\"5ebac21\" data-element_type=\"widget\" data-widget_type=\"menu-anchor.default\">\n\t\t\t\t<div class=\"elementor-widget-container\">\n\t\t\t\t\t<div class=\"elementor-menu-anchor\" id=\"experience-client\"><\/div>\n\t\t\t\t<\/div>\n\t\t\t\t<\/div>\n\t\t\t\t<div class=\"elementor-element elementor-element-fa505fc elementor-widget elementor-widget-heading\" data-id=\"fa505fc\" data-element_type=\"widget\" data-widget_type=\"heading.default\">\n\t\t\t\t<div class=\"elementor-widget-container\">\n\t\t\t<h2 class=\"elementor-heading-title elementor-size-default\">Exp\u00e9rience client positive<\/h2>\t\t<\/div>\n\t\t\t\t<\/div>\n\t\t\t\t<div class=\"elementor-element elementor-element-98faaa2 elementor-widget elementor-widget-text-editor\" data-id=\"98faaa2\" data-element_type=\"widget\" data-widget_type=\"text-editor.default\">\n\t\t\t\t<div class=\"elementor-widget-container\">\n\t\t\t\t\t\t\t<p>L\u2019exp\u00e9rience client chez <strong>MOV\u2019ESTATE<\/strong> est une priorit\u00e9 affirm\u00e9e afin d\u2019offrir une satisfaction de haut niveau \u00e0 ses clients. Cela passe par un suivi adapt\u00e9 \u00e0 chaque \u00e9tape du projet, men\u00e9 par les intervenants <strong>MOV\u2019ESTATE<\/strong>. Nous avons volontairement fait le choix d\u2019internaliser ces missions afin d\u2019\u00eatre plus proche de nos clients et d\u2019\u00e9viter tout interm\u00e9diaire.<\/p><p><strong>MOV\u2019ESTATE<\/strong> est avant tout un promoteur immobilier \u00e0 taille humaine qui saura accompagner ses acqu\u00e9reurs de la pr\u00e9sentation du projet jusqu\u2019\u00e0 la remise des cl\u00e9s et ce, gr\u00e2ce \u00e0 une relation personnalis\u00e9e.<\/p>\t\t\t\t\t\t<\/div>\n\t\t\t\t<\/div>\n\t\t\t\t\t<\/div>\n\t\t<\/div>\n\t\t\t\t\t<\/div>\n\t\t<\/section>\n\t\t\t\t<section class=\"elementor-section elementor-top-section elementor-element elementor-element-ae919f3 elementor-reverse-mobile elementor-section-boxed elementor-section-height-default elementor-section-height-default\" data-id=\"ae919f3\" data-element_type=\"section\" data-settings=\"{&quot;background_background&quot;:&quot;classic&quot;}\">\n\t\t\t\t\t\t<div class=\"elementor-container elementor-column-gap-default\">\n\t\t\t\t\t<div class=\"elementor-column elementor-col-50 elementor-top-column elementor-element elementor-element-2a88919 colonne\" data-id=\"2a88919\" data-element_type=\"column\" data-settings=\"{&quot;background_background&quot;:&quot;classic&quot;}\">\n\t\t\t<div class=\"elementor-widget-wrap elementor-element-populated\">\n\t\t\t\t\t\t<div class=\"elementor-element elementor-element-400fd27 elementor-widget elementor-widget-menu-anchor\" data-id=\"400fd27\" data-element_type=\"widget\" data-widget_type=\"menu-anchor.default\">\n\t\t\t\t<div class=\"elementor-widget-container\">\n\t\t\t\t\t<div class=\"elementor-menu-anchor\" id=\"cadres-de-vie\"><\/div>\n\t\t\t\t<\/div>\n\t\t\t\t<\/div>\n\t\t\t\t<div class=\"elementor-element elementor-element-ba44f2d elementor-widget elementor-widget-heading\" data-id=\"ba44f2d\" data-element_type=\"widget\" data-widget_type=\"heading.default\">\n\t\t\t\t<div class=\"elementor-widget-container\">\n\t\t\t<h2 class=\"elementor-heading-title elementor-size-default\">Cadres de vie exclusifs<\/h2>\t\t<\/div>\n\t\t\t\t<\/div>\n\t\t\t\t<div class=\"elementor-element elementor-element-39913cf elementor-widget elementor-widget-text-editor\" data-id=\"39913cf\" data-element_type=\"widget\" data-widget_type=\"text-editor.default\">\n\t\t\t\t<div class=\"elementor-widget-container\">\n\t\t\t\t\t\t\t<p><strong>MOV\u2019ESTATE<\/strong> est soucieux de s\u00e9lectionner des projets capables d\u2019offrir des lieux de vie exclusifs. Notre volont\u00e9 est de localiser nos constructions au plus proche des centres \u00e9conomiques fran\u00e7ais ou luxembourgeois afin d\u2019assurer \u00e0 ses futurs occupants une proximit\u00e9 importante entre lieu de vie et de travail.<\/p>\n<p>Une grande importance est aussi donn\u00e9e \u00e0 la vie sociale, familiale et au bien-\u00eatre des futurs acqu\u00e9reurs et ce, avec une facilit\u00e9 d\u2019acc\u00e8s aux \u00e9coles, aux cr\u00e8ches, mais aussi aux restaurants et lieux d\u2019\u00e9change.<\/p>\n<p>Nos projets \u00e0 taille humaine (maximum R+3 &#8211; 25 lots) s\u2019inscriront syst\u00e9matiquement \u00e0 proximit\u00e9 d\u2019espaces verts.<\/p>\t\t\t\t\t\t<\/div>\n\t\t\t\t<\/div>\n\t\t\t\t\t<\/div>\n\t\t<\/div>\n\t\t\t\t<div class=\"elementor-column elementor-col-50 elementor-top-column elementor-element elementor-element-7718fde colonne\" data-id=\"7718fde\" data-element_type=\"column\">\n\t\t\t<div class=\"elementor-widget-wrap elementor-element-populated\">\n\t\t\t\t\t\t<div class=\"elementor-element elementor-element-afef0dc image-droite elementor-widget elementor-widget-image\" data-id=\"afef0dc\" data-element_type=\"widget\" data-widget_type=\"image.default\">\n\t\t\t\t<div class=\"elementor-widget-container\">\n\t\t\t\t\t\t\t\t\t\t\t\t\t<img decoding=\"async\" width=\"1024\" height=\"681\" src=\"https:\/\/www.mov-estate.com\/wp-content\/uploads\/2022\/03\/mov-state-illustration-2-1024x681.jpg\" class=\"attachment-large size-large wp-image-1005\" alt=\"\" srcset=\"https:\/\/www.mov-estate.com\/wp-content\/uploads\/2022\/03\/mov-state-illustration-2-1024x681.jpg 1024w, https:\/\/www.mov-estate.com\/wp-content\/uploads\/2022\/03\/mov-state-illustration-2-300x200.jpg 300w, https:\/\/www.mov-estate.com\/wp-content\/uploads\/2022\/03\/mov-state-illustration-2-768x511.jpg 768w, https:\/\/www.mov-estate.com\/wp-content\/uploads\/2022\/03\/mov-state-illustration-2.jpg 1500w\" sizes=\"(max-width: 1024px) 100vw, 1024px\" \/>\t\t\t\t\t\t\t\t\t\t\t\t\t<\/div>\n\t\t\t\t<\/div>\n\t\t\t\t\t<\/div>\n\t\t<\/div>\n\t\t\t\t\t<\/div>\n\t\t<\/section>\n\t\t\t\t<\/div>\n\t\t","protected":false},"excerpt":{"rendered":"<p>Nos valeurs Personnalisation Investir dans le neuf est l\u2019opportunit\u00e9 de construire \u00e0 son image. L\u2019\u00e9coute des besoins et des souhaits de chacun restent un \u00e9l\u00e9ment essentiel chez MOV\u2019ESTATE. A ce titre, il est possible d\u2019\u00e9tudier ensemble votre projet et de vous accompagner dans les modifications non structurelles que vous souhaiteriez apporter \u00e0 votre futur lieu [&hellip;]<\/p>\n","protected":false},"author":1,"featured_media":0,"parent":0,"menu_order":0,"comment_status":"closed","ping_status":"closed","template":"","meta":{"site-sidebar-layout":"no-sidebar","site-content-layout":"page-builder","ast-site-content-layout":"","site-content-style":"default","site-sidebar-style":"default","ast-global-header-display":"","ast-banner-title-visibility":"","ast-main-header-display":"","ast-hfb-above-header-display":"","ast-hfb-below-header-display":"","ast-hfb-mobile-header-display":"","site-post-title":"disabled","ast-breadcrumbs-content":"","ast-featured-img":"disabled","footer-sml-layout":"","theme-transparent-header-meta":"default","adv-header-id-meta":"","stick-header-meta":"","header-above-stick-meta":"","header-main-stick-meta":"","header-below-stick-meta":"","astra-migrate-meta-layouts":"default","ast-page-background-enabled":"default","ast-page-background-meta":{"desktop":{"background-color":"","background-image":"","background-repeat":"repeat","background-position":"center center","background-size":"auto","background-attachment":"scroll","background-type":"","background-media":"","overlay-type":"","overlay-color":"","overlay-opacity":"","overlay-gradient":""},"tablet":{"background-color":"","background-image":"","background-repeat":"repeat","background-position":"center center","background-size":"auto","background-attachment":"scroll","background-type":"","background-media":"","overlay-type":"","overlay-color":"","overlay-opacity":"","overlay-gradient":""},"mobile":{"background-color":"","background-image":"","background-repeat":"repeat","background-position":"center center","background-size":"auto","background-attachment":"scroll","background-type":"","background-media":"","overlay-type":"","overlay-color":"","overlay-opacity":"","overlay-gradient":""}},"ast-content-background-meta":{"desktop":{"background-color":"var(--ast-global-color-5)","background-image":"","background-repeat":"repeat","background-position":"center center","background-size":"auto","background-attachment":"scroll","background-type":"","background-media":"","overlay-type":"","overlay-color":"","overlay-opacity":"","overlay-gradient":""},"tablet":{"background-color":"var(--ast-global-color-5)","background-image":"","background-repeat":"repeat","background-position":"center center","background-size":"auto","background-attachment":"scroll","background-type":"","background-media":"","overlay-type":"","overlay-color":"","overlay-opacity":"","overlay-gradient":""},"mobile":{"background-color":"var(--ast-global-color-5)","background-image":"","background-repeat":"repeat","background-position":"center center","background-size":"auto","background-attachment":"scroll","background-type":"","background-media":"","overlay-type":"","overlay-color":"","overlay-opacity":"","overlay-gradient":""}},"footnotes":""},"class_list":["post-996","page","type-page","status-publish","hentry"],"yoast_head":"<!-- This site is optimized with the Yoast SEO plugin v23.9 - https:\/\/yoast.com\/wordpress\/plugins\/seo\/ -->\n<title>Pr\u00e9sentation de Mov&#039;Estate, votre promoteur immobilier bas\u00e9 en Moselle<\/title>\n<meta name=\"description\" content=\"D\u00e9couvrez Mov&#039;Estate, promoteur immobilier qui propose des r\u00e9sidences en moselle et au Luxembourg.\" \/>\n<meta name=\"robots\" content=\"index, follow, max-snippet:-1, max-image-preview:large, max-video-preview:-1\" \/>\n<link rel=\"canonical\" href=\"https:\/\/www.mov-estate.com\/fr\/qui-sommes-nous\/\" \/>\n<meta property=\"og:locale\" content=\"fr_FR\" \/>\n<meta property=\"og:type\" content=\"article\" \/>\n<meta property=\"og:title\" content=\"Pr\u00e9sentation de Mov&#039;Estate, votre promoteur immobilier bas\u00e9 en Moselle\" \/>\n<meta property=\"og:description\" content=\"D\u00e9couvrez Mov&#039;Estate, promoteur immobilier qui propose des r\u00e9sidences en moselle et au Luxembourg.\" \/>\n<meta property=\"og:url\" content=\"https:\/\/www.mov-estate.com\/fr\/qui-sommes-nous\/\" \/>\n<meta property=\"og:site_name\" content=\"Mov&#039;Estate\" \/>\n<meta property=\"article:modified_time\" content=\"2022-03-25T13:39:31+00:00\" \/>\n<meta property=\"og:image\" content=\"https:\/\/www.mov-estate.com\/wp-content\/uploads\/2022\/03\/mov-estate-illustration-1-1024x681.jpg\" \/>\n<meta name=\"twitter:card\" content=\"summary_large_image\" \/>\n<meta name=\"twitter:label1\" content=\"Dur\u00e9e de lecture estim\u00e9e\" \/>\n\t<meta name=\"twitter:data1\" content=\"3 minutes\" \/>\n<script type=\"application\/ld+json\" class=\"yoast-schema-graph\">{\"@context\":\"https:\/\/schema.org\",\"@graph\":[{\"@type\":\"WebPage\",\"@id\":\"https:\/\/www.mov-estate.com\/fr\/qui-sommes-nous\/\",\"url\":\"https:\/\/www.mov-estate.com\/fr\/qui-sommes-nous\/\",\"name\":\"Pr\u00e9sentation de Mov'Estate, votre promoteur immobilier bas\u00e9 en Moselle\",\"isPartOf\":{\"@id\":\"https:\/\/www.mov-estate.com\/fr\/#website\"},\"primaryImageOfPage\":{\"@id\":\"https:\/\/www.mov-estate.com\/fr\/qui-sommes-nous\/#primaryimage\"},\"image\":{\"@id\":\"https:\/\/www.mov-estate.com\/fr\/qui-sommes-nous\/#primaryimage\"},\"thumbnailUrl\":\"https:\/\/www.mov-estate.com\/wp-content\/uploads\/2022\/03\/mov-estate-illustration-1-1024x681.jpg\",\"datePublished\":\"2022-03-01T15:01:35+00:00\",\"dateModified\":\"2022-03-25T13:39:31+00:00\",\"description\":\"D\u00e9couvrez Mov'Estate, promoteur immobilier qui propose des r\u00e9sidences en moselle et au Luxembourg.\",\"breadcrumb\":{\"@id\":\"https:\/\/www.mov-estate.com\/fr\/qui-sommes-nous\/#breadcrumb\"},\"inLanguage\":\"fr-FR\",\"potentialAction\":[{\"@type\":\"ReadAction\",\"target\":[\"https:\/\/www.mov-estate.com\/fr\/qui-sommes-nous\/\"]}]},{\"@type\":\"ImageObject\",\"inLanguage\":\"fr-FR\",\"@id\":\"https:\/\/www.mov-estate.com\/fr\/qui-sommes-nous\/#primaryimage\",\"url\":\"https:\/\/www.mov-estate.com\/wp-content\/uploads\/2022\/03\/mov-estate-illustration-1-1024x681.jpg\",\"contentUrl\":\"https:\/\/www.mov-estate.com\/wp-content\/uploads\/2022\/03\/mov-estate-illustration-1-1024x681.jpg\"},{\"@type\":\"BreadcrumbList\",\"@id\":\"https:\/\/www.mov-estate.com\/fr\/qui-sommes-nous\/#breadcrumb\",\"itemListElement\":[{\"@type\":\"ListItem\",\"position\":1,\"name\":\"Home\",\"item\":\"https:\/\/www.mov-estate.com\/fr\/\"},{\"@type\":\"ListItem\",\"position\":2,\"name\":\"Qui sommes-nous ?\"}]},{\"@type\":\"WebSite\",\"@id\":\"https:\/\/www.mov-estate.com\/fr\/#website\",\"url\":\"https:\/\/www.mov-estate.com\/fr\/\",\"name\":\"Mov&#039;Estate\",\"description\":\"Des r\u00e9sidences qui s&#039;adaptent \u00e0 vos besoins.\",\"potentialAction\":[{\"@type\":\"SearchAction\",\"target\":{\"@type\":\"EntryPoint\",\"urlTemplate\":\"https:\/\/www.mov-estate.com\/fr\/?s={search_term_string}\"},\"query-input\":{\"@type\":\"PropertyValueSpecification\",\"valueRequired\":true,\"valueName\":\"search_term_string\"}}],\"inLanguage\":\"fr-FR\"}]}<\/script>\n<!-- \/ Yoast SEO plugin. -->","yoast_head_json":{"title":"Pr\u00e9sentation de Mov'Estate, votre promoteur immobilier bas\u00e9 en Moselle","description":"D\u00e9couvrez Mov'Estate, promoteur immobilier qui propose des r\u00e9sidences en moselle et au Luxembourg.","robots":{"index":"index","follow":"follow","max-snippet":"max-snippet:-1","max-image-preview":"max-image-preview:large","max-video-preview":"max-video-preview:-1"},"canonical":"https:\/\/www.mov-estate.com\/fr\/qui-sommes-nous\/","og_locale":"fr_FR","og_type":"article","og_title":"Pr\u00e9sentation de Mov'Estate, votre promoteur immobilier bas\u00e9 en Moselle","og_description":"D\u00e9couvrez Mov'Estate, promoteur immobilier qui propose des r\u00e9sidences en moselle et au Luxembourg.","og_url":"https:\/\/www.mov-estate.com\/fr\/qui-sommes-nous\/","og_site_name":"Mov&#039;Estate","article_modified_time":"2022-03-25T13:39:31+00:00","og_image":[{"url":"https:\/\/www.mov-estate.com\/wp-content\/uploads\/2022\/03\/mov-estate-illustration-1-1024x681.jpg"}],"twitter_card":"summary_large_image","twitter_misc":{"Dur\u00e9e de lecture estim\u00e9e":"3 minutes"},"schema":{"@context":"https:\/\/schema.org","@graph":[{"@type":"WebPage","@id":"https:\/\/www.mov-estate.com\/fr\/qui-sommes-nous\/","url":"https:\/\/www.mov-estate.com\/fr\/qui-sommes-nous\/","name":"Pr\u00e9sentation de Mov'Estate, votre promoteur immobilier bas\u00e9 en Moselle","isPartOf":{"@id":"https:\/\/www.mov-estate.com\/fr\/#website"},"primaryImageOfPage":{"@id":"https:\/\/www.mov-estate.com\/fr\/qui-sommes-nous\/#primaryimage"},"image":{"@id":"https:\/\/www.mov-estate.com\/fr\/qui-sommes-nous\/#primaryimage"},"thumbnailUrl":"https:\/\/www.mov-estate.com\/wp-content\/uploads\/2022\/03\/mov-estate-illustration-1-1024x681.jpg","datePublished":"2022-03-01T15:01:35+00:00","dateModified":"2022-03-25T13:39:31+00:00","description":"D\u00e9couvrez Mov'Estate, promoteur immobilier qui propose des r\u00e9sidences en moselle et au Luxembourg.","breadcrumb":{"@id":"https:\/\/www.mov-estate.com\/fr\/qui-sommes-nous\/#breadcrumb"},"inLanguage":"fr-FR","potentialAction":[{"@type":"ReadAction","target":["https:\/\/www.mov-estate.com\/fr\/qui-sommes-nous\/"]}]},{"@type":"ImageObject","inLanguage":"fr-FR","@id":"https:\/\/www.mov-estate.com\/fr\/qui-sommes-nous\/#primaryimage","url":"https:\/\/www.mov-estate.com\/wp-content\/uploads\/2022\/03\/mov-estate-illustration-1-1024x681.jpg","contentUrl":"https:\/\/www.mov-estate.com\/wp-content\/uploads\/2022\/03\/mov-estate-illustration-1-1024x681.jpg"},{"@type":"BreadcrumbList","@id":"https:\/\/www.mov-estate.com\/fr\/qui-sommes-nous\/#breadcrumb","itemListElement":[{"@type":"ListItem","position":1,"name":"Home","item":"https:\/\/www.mov-estate.com\/fr\/"},{"@type":"ListItem","position":2,"name":"Qui sommes-nous ?"}]},{"@type":"WebSite","@id":"https:\/\/www.mov-estate.com\/fr\/#website","url":"https:\/\/www.mov-estate.com\/fr\/","name":"Mov&#039;Estate","description":"Des r\u00e9sidences qui s&#039;adaptent \u00e0 vos besoins.","potentialAction":[{"@type":"SearchAction","target":{"@type":"EntryPoint","urlTemplate":"https:\/\/www.mov-estate.com\/fr\/?s={search_term_string}"},"query-input":{"@type":"PropertyValueSpecification","valueRequired":true,"valueName":"search_term_string"}}],"inLanguage":"fr-FR"}]}},"_links":{"self":[{"href":"https:\/\/www.mov-estate.com\/fr\/wp-json\/wp\/v2\/pages\/996"}],"collection":[{"href":"https:\/\/www.mov-estate.com\/fr\/wp-json\/wp\/v2\/pages"}],"about":[{"href":"https:\/\/www.mov-estate.com\/fr\/wp-json\/wp\/v2\/types\/page"}],"author":[{"embeddable":true,"href":"https:\/\/www.mov-estate.com\/fr\/wp-json\/wp\/v2\/users\/1"}],"replies":[{"embeddable":true,"href":"https:\/\/www.mov-estate.com\/fr\/wp-json\/wp\/v2\/comments?post=996"}],"version-history":[{"count":119,"href":"https:\/\/www.mov-estate.com\/fr\/wp-json\/wp\/v2\/pages\/996\/revisions"}],"predecessor-version":[{"id":2114,"href":"https:\/\/www.mov-estate.com\/fr\/wp-json\/wp\/v2\/pages\/996\/revisions\/2114"}],"wp:attachment":[{"href":"https:\/\/www.mov-estate.com\/fr\/wp-json\/wp\/v2\/media?parent=996"}],"curies":[{"name":"wp","href":"https:\/\/api.w.org\/{rel}","templated":true}]}}